{"id":78,"date":"2017-04-22T14:37:41","date_gmt":"2017-04-22T14:37:41","guid":{"rendered":"http:\/\/radefeldersv.de\/?page_id=78"},"modified":"2021-01-20T15:29:15","modified_gmt":"2021-01-20T13:29:15","slug":"seniorensport","status":"publish","type":"page","link":"https:\/\/radefeldersv.de\/?page_id=78","title":{"rendered":"Seniorensport"},"content":{"rendered":"<p style=\"text-align: left;\">Seniorensport hei\u00dft:&nbsp; Freude an der Bewegung.<\/p>\n<p style=\"text-align: left;\">In abwechslungsreichen Stunden trainieren wir sanft Herz und Kreislauf. Beweglichkeit, Geschicklichkeit und Gleichgewicht werden durch Gymnastik und Spiel gef\u00f6rdert.<\/p>\n<p style=\"text-align: left;\">Die Sportruppen treffen sich einmal pro Woche, um die Muskulatur zu kr\u00e4ftigen. Effektive und Gelenk schonende \u00dcbungen garantieren Spa\u00df und Erfolg. Alle die auch im fortgeschrittenen Alter weiterhin sportlich aktiv bleiben wollen, sollte in einer \u00dcbungsstunde vorbei kommen, sich informieren und am besten mitmachen.<\/p>\n<hr>\n<h4 class=\"csc-header csc-header-n2\">&nbsp;<span style=\"text-align: center;\">Ansprechpartner<\/span><\/h4>\n<ul>\n<li>Karin Buhle &#8211;&nbsp;Telefon 034207 72364<\/li>\n<\/ul>\n<div class=\"csc-header csc-header-n2\">\n<h4 style=\"text-align: left;\">Training &amp; Trainigsort<\/h4>\n<\/div>\n<div class=\"indent\">\n<ul>\n<li class=\"bodytext\" style=\"text-align: left;\">Montag 10:30 Uhr bis 11:30 Uhr in der Fest- und Sporthalle Radefeld<\/li>\n<li>Dienstag 09:30 Uhr bis 10:30 Uhr&nbsp;im B\u00fcrgerhaus Wolteritz<\/li>\n<\/ul>\n<\/div>\n<div class=\"pvc_clear\"><\/div>\n<p id=\"pvc_stats_78\" class=\"pvc_stats all  \" data-element-id=\"78\" style=\"\"><i class=\"pvc-stats-icon small\" aria-hidden=\"true\"><svg aria-hidden=\"true\" focusable=\"false\" data-prefix=\"far\" data-icon=\"chart-bar\" role=\"img\" xmlns=\"http:\/\/www.w3.org\/2000\/svg\" viewBox=\"0 0 512 512\" class=\"svg-inline--fa fa-chart-bar fa-w-16 fa-2x\"><path fill=\"currentColor\" d=\"M396.8 352h22.4c6.4 0 12.8-6.4 12.8-12.8V108.8c0-6.4-6.4-12.8-12.8-12.8h-22.4c-6.4 0-12.8 6.4-12.8 12.8v230.4c0 6.4 6.4 12.8 12.8 12.8zm-192 0h22.4c6.4 0 12.8-6.4 12.8-12.8V140.8c0-6.4-6.4-12.8-12.8-12.8h-22.4c-6.4 0-12.8 6.4-12.8 12.8v198.4c0 6.4 6.4 12.8 12.8 12.8zm96 0h22.4c6.4 0 12.8-6.4 12.8-12.8V204.8c0-6.4-6.4-12.8-12.8-12.8h-22.4c-6.4 0-12.8 6.4-12.8 12.8v134.4c0 6.4 6.4 12.8 12.8 12.8zM496 400H48V80c0-8.84-7.16-16-16-16H16C7.16 64 0 71.16 0 80v336c0 17.67 14.33 32 32 32h464c8.84 0 16-7.16 16-16v-16c0-8.84-7.16-16-16-16zm-387.2-48h22.4c6.4 0 12.8-6.4 12.8-12.8v-70.4c0-6.4-6.4-12.8-12.8-12.8h-22.4c-6.4 0-12.8 6.4-12.8 12.8v70.4c0 6.4 6.4 12.8 12.8 12.8z\" class=\"\"><\/path><\/svg><\/i> <img decoding=\"async\" width=\"16\" height=\"16\" alt=\"Loading\" src=\"https:\/\/radefeldersv.de\/wp-content\/plugins\/page-views-count\/ajax-loader-2x.gif\" border=0 \/><\/p>\n<div class=\"pvc_clear\"><\/div>\n","protected":false},"excerpt":{"rendered":"<p>Seniorensport hei\u00dft:&nbsp; Freude an der Bewegung. In abwechslungsreichen Stunden trainieren wir sanft Herz und Kreislauf. Beweglichkeit, Geschicklichkeit und Gleichgewicht werden durch Gymnastik und Spiel gef\u00f6rdert. Die Sportruppen treffen sich einmal pro Woche, um die Muskulatur zu kr\u00e4ftigen. Effektive und Gelenk schonende \u00dcbungen garantieren Spa\u00df und Erfolg. Alle die auch im fortgeschrittenen Alter weiterhin sportlich aktiv bleiben wollen, sollte in einer \u00dcbungsstunde vorbei kommen, sich informieren und am besten mitmachen. &nbsp;Ansprechpartner Karin Buhle &#8211;&nbsp;Telefon 034207 72364 Training &amp; Trainigsort Montag 10:30 Uhr bis 11:30 Uhr in der Fest- und Sporthalle Radefeld Dienstag 09:30 Uhr bis 10:30 Uhr&nbsp;im B\u00fcrgerhaus Wolteritz<\/p>\n<div class=\"pvc_clear\"><\/div>\n<p id=\"pvc_stats_78\" class=\"pvc_stats all  \" data-element-id=\"78\" style=\"\"><i class=\"pvc-stats-icon small\" aria-hidden=\"true\"><svg aria-hidden=\"true\" focusable=\"false\" data-prefix=\"far\" data-icon=\"chart-bar\" role=\"img\" xmlns=\"http:\/\/www.w3.org\/2000\/svg\" viewBox=\"0 0 512 512\" class=\"svg-inline--fa fa-chart-bar fa-w-16 fa-2x\"><path fill=\"currentColor\" d=\"M396.8 352h22.4c6.4 0 12.8-6.4 12.8-12.8V108.8c0-6.4-6.4-12.8-12.8-12.8h-22.4c-6.4 0-12.8 6.4-12.8 12.8v230.4c0 6.4 6.4 12.8 12.8 12.8zm-192 0h22.4c6.4 0 12.8-6.4 12.8-12.8V140.8c0-6.4-6.4-12.8-12.8-12.8h-22.4c-6.4 0-12.8 6.4-12.8 12.8v198.4c0 6.4 6.4 12.8 12.8 12.8zm96 0h22.4c6.4 0 12.8-6.4 12.8-12.8V204.8c0-6.4-6.4-12.8-12.8-12.8h-22.4c-6.4 0-12.8 6.4-12.8 12.8v134.4c0 6.4 6.4 12.8 12.8 12.8zM496 400H48V80c0-8.84-7.16-16-16-16H16C7.16 64 0 71.16 0 80v336c0 17.67 14.33 32 32 32h464c8.84 0 16-7.16 16-16v-16c0-8.84-7.16-16-16-16zm-387.2-48h22.4c6.4 0 12.8-6.4 12.8-12.8v-70.4c0-6.4-6.4-12.8-12.8-12.8h-22.4c-6.4 0-12.8 6.4-12.8 12.8v70.4c0 6.4 6.4 12.8 12.8 12.8z\" class=\"\"><\/path><\/svg><\/i> <img decoding=\"async\" width=\"16\" height=\"16\" alt=\"Loading\" src=\"https:\/\/radefeldersv.de\/wp-content\/plugins\/page-views-count\/ajax-loader-2x.gif\" border=0 \/><\/p>\n<div class=\"pvc_clear\"><\/div>\n","protected":false},"author":1,"featured_media":169,"parent":0,"menu_order":0,"comment_status":"closed","ping_status":"closed","template":"","meta":{"_crdt_document":"","footnotes":""},"class_list":["post-78","page","type-page","status-publish","has-post-thumbnail","hentry"],"a3_pvc":{"activated":true,"total_views":2556,"today_views":0},"_links":{"self":[{"href":"https:\/\/radefeldersv.de\/index.php?rest_route=\/wp\/v2\/pages\/78","targetHints":{"allow":["GET"]}}],"collection":[{"href":"https:\/\/radefeldersv.de\/index.php?rest_route=\/wp\/v2\/pages"}],"about":[{"href":"https:\/\/radefeldersv.de\/index.php?rest_route=\/wp\/v2\/types\/page"}],"author":[{"embeddable":true,"href":"https:\/\/radefeldersv.de\/index.php?rest_route=\/wp\/v2\/users\/1"}],"replies":[{"embeddable":true,"href":"https:\/\/radefeldersv.de\/index.php?rest_route=%2Fwp%2Fv2%2Fcomments&post=78"}],"version-history":[{"count":10,"href":"https:\/\/radefeldersv.de\/index.php?rest_route=\/wp\/v2\/pages\/78\/revisions"}],"predecessor-version":[{"id":1756,"href":"https:\/\/radefeldersv.de\/index.php?rest_route=\/wp\/v2\/pages\/78\/revisions\/1756"}],"wp:featuredmedia":[{"embeddable":true,"href":"https:\/\/radefeldersv.de\/index.php?rest_route=\/wp\/v2\/media\/169"}],"wp:attachment":[{"href":"https:\/\/radefeldersv.de\/index.php?rest_route=%2Fwp%2Fv2%2Fmedia&parent=78"}],"curies":[{"name":"wp","href":"https:\/\/api.w.org\/{rel}","templated":true}]}}