{"id":66,"date":"2017-04-22T14:32:53","date_gmt":"2017-04-22T14:32:53","guid":{"rendered":"http:\/\/radefeldersv.de\/?page_id=66"},"modified":"2026-01-21T17:15:50","modified_gmt":"2026-01-21T15:15:50","slug":"badminton","status":"publish","type":"page","link":"https:\/\/radefeldersv.de\/?page_id=66","title":{"rendered":"Badminton"},"content":{"rendered":"<p style=\"text-align: center;\" data-start=\"177\" data-end=\"455\">Die Abteilung Badminton des Radefelder Sportvereins bietet sportliche Bewegung, Spielspa\u00df und Gemeinschaft f\u00fcr alle Altersgruppen. Ob Anf\u00e4nger, Freizeitspieler oder ambitionierter Hobbyathlet \u2013 bei uns steht die Freude am Badminton und das gemeinsame Miteinander im Mittelpunkt.<\/p>\n<p style=\"text-align: center;\" data-start=\"457\" data-end=\"798\">In unseren Trainingseinheiten verbinden wir <strong data-start=\"501\" data-end=\"545\">Beweglichkeit, Schnelligkeit und Technik<\/strong> mit einem lockeren, offenen Vereinsklima. Neue Mitglieder sind jederzeit herzlich willkommen und werden schnell in die Gruppe integriert. Dabei ist es ganz egal, ob erste Erfahrungen gesammelt oder vorhandene F\u00e4higkeiten weiter ausgebaut werden sollen.<\/p>\n<p style=\"text-align: center;\" data-start=\"800\" data-end=\"1040\">Neben dem sportlichen Aspekt legt die Abteilung gro\u00dfen Wert auf <strong data-start=\"864\" data-end=\"894\">Teamgeist und Geselligkeit<\/strong>. Gemeinsame Aktivit\u00e4ten au\u00dferhalb des Spielfeldes geh\u00f6ren ebenso zum Vereinsleben wie spannende Spiele und abwechslungsreiche Trainingseinheiten.<\/p>\n<p style=\"text-align: center;\" data-start=\"1042\" data-end=\"1289\">Die Badminton-Abteilung des Radefelder SV steht f\u00fcr <strong data-start=\"1094\" data-end=\"1126\">Sport, Spa\u00df und Zusammenhalt<\/strong> und ist ein fester Bestandteil unseres Vereinslebens. Wer sich gern bewegt, neue Leute kennenlernen m\u00f6chte und Freude am Badminton hat, ist bei uns genau richtig.<\/p>\n<h4>\u00a0<\/h4>\n<h4 class=\"csc-header csc-header-n2\"><em><span style=\"text-align: center;\">Ansprechpartner<\/span><\/em><\/h4>\n<ul>\n<li>Daniela Schweng &#8211; Telefon 0176 21703896<\/li>\n<\/ul>\n<div class=\"csc-header csc-header-n2\">\n<h4 style=\"text-align: left;\"><em>Training<\/em><\/h4>\n<\/div>\n<div class=\"indent\">\n<ul>\n<li class=\"bodytext\" style=\"text-align: left;\">Donnerstag 19:30 Uhr bis 21:00 Uhr<\/li>\n<\/ul>\n<h4><em>Trainingsort<\/em><\/h4>\n<ul>\n<li class=\"bodytext\">Sport- u. Festhalle Radefeld (Landsberger Str. 5b)<\/li>\n<\/ul>\n<\/div>\n\n\n<p class=\"wp-block-paragraph\"><\/p>\n<div class=\"pvc_clear\"><\/div><p id=\"pvc_stats_66\" class=\"pvc_stats all  \" data-element-id=\"66\" style=\"\"><i class=\"pvc-stats-icon small\" aria-hidden=\"true\"><svg aria-hidden=\"true\" focusable=\"false\" data-prefix=\"far\" data-icon=\"chart-bar\" role=\"img\" xmlns=\"http:\/\/www.w3.org\/2000\/svg\" viewBox=\"0 0 512 512\" class=\"svg-inline--fa fa-chart-bar fa-w-16 fa-2x\"><path fill=\"currentColor\" d=\"M396.8 352h22.4c6.4 0 12.8-6.4 12.8-12.8V108.8c0-6.4-6.4-12.8-12.8-12.8h-22.4c-6.4 0-12.8 6.4-12.8 12.8v230.4c0 6.4 6.4 12.8 12.8 12.8zm-192 0h22.4c6.4 0 12.8-6.4 12.8-12.8V140.8c0-6.4-6.4-12.8-12.8-12.8h-22.4c-6.4 0-12.8 6.4-12.8 12.8v198.4c0 6.4 6.4 12.8 12.8 12.8zm96 0h22.4c6.4 0 12.8-6.4 12.8-12.8V204.8c0-6.4-6.4-12.8-12.8-12.8h-22.4c-6.4 0-12.8 6.4-12.8 12.8v134.4c0 6.4 6.4 12.8 12.8 12.8zM496 400H48V80c0-8.84-7.16-16-16-16H16C7.16 64 0 71.16 0 80v336c0 17.67 14.33 32 32 32h464c8.84 0 16-7.16 16-16v-16c0-8.84-7.16-16-16-16zm-387.2-48h22.4c6.4 0 12.8-6.4 12.8-12.8v-70.4c0-6.4-6.4-12.8-12.8-12.8h-22.4c-6.4 0-12.8 6.4-12.8 12.8v70.4c0 6.4 6.4 12.8 12.8 12.8z\" class=\"\"><\/path><\/svg><\/i> <img decoding=\"async\" width=\"16\" height=\"16\" alt=\"Loading\" src=\"https:\/\/radefeldersv.de\/wp-content\/plugins\/page-views-count\/ajax-loader-2x.gif\" border=0 \/><\/p><div class=\"pvc_clear\"><\/div>","protected":false},"excerpt":{"rendered":"<p>Die Abteilung Badminton des Radefelder Sportvereins bietet sportliche Bewegung, Spielspa\u00df und Gemeinschaft f\u00fcr alle Altersgruppen. Ob Anf\u00e4nger, Freizeitspieler oder ambitionierter Hobbyathlet \u2013 bei uns steht die Freude am Badminton und das gemeinsame Miteinander im Mittelpunkt. In unseren Trainingseinheiten verbinden wir Beweglichkeit, Schnelligkeit und Technik mit einem lockeren, offenen Vereinsklima. Neue Mitglieder sind jederzeit herzlich willkommen und werden schnell in die Gruppe integriert. Dabei ist es ganz egal, ob erste Erfahrungen gesammelt oder vorhandene F\u00e4higkeiten weiter ausgebaut werden sollen. Neben dem sportlichen Aspekt legt die Abteilung gro\u00dfen Wert auf Teamgeist und Geselligkeit. Gemeinsame Aktivit\u00e4ten au\u00dferhalb des Spielfeldes geh\u00f6ren ebenso zum Vereinsleben wie spannende Spiele und abwechslungsreiche Trainingseinheiten. Die Badminton-Abteilung des Radefelder SV steht f\u00fcr Sport, Spa\u00df und Zusammenhalt und ist ein fester Bestandteil unseres Vereinslebens. Wer sich gern bewegt, neue Leute kennenlernen m\u00f6chte und Freude am Badminton hat, ist bei uns genau richtig. \u00a0 Ansprechpartner Daniela Schweng &#8211; Telefon 0176 21703896 Training Donnerstag 19:30 Uhr bis 21:00 Uhr Trainingsort Sport- u. Festhalle Radefeld (Landsberger Str. 5b)<\/p>\n<div class=\"pvc_clear\"><\/div>\n<p id=\"pvc_stats_66\" class=\"pvc_stats all  \" data-element-id=\"66\" style=\"\"><i class=\"pvc-stats-icon small\" aria-hidden=\"true\"><svg aria-hidden=\"true\" focusable=\"false\" data-prefix=\"far\" data-icon=\"chart-bar\" role=\"img\" xmlns=\"http:\/\/www.w3.org\/2000\/svg\" viewBox=\"0 0 512 512\" class=\"svg-inline--fa fa-chart-bar fa-w-16 fa-2x\"><path fill=\"currentColor\" d=\"M396.8 352h22.4c6.4 0 12.8-6.4 12.8-12.8V108.8c0-6.4-6.4-12.8-12.8-12.8h-22.4c-6.4 0-12.8 6.4-12.8 12.8v230.4c0 6.4 6.4 12.8 12.8 12.8zm-192 0h22.4c6.4 0 12.8-6.4 12.8-12.8V140.8c0-6.4-6.4-12.8-12.8-12.8h-22.4c-6.4 0-12.8 6.4-12.8 12.8v198.4c0 6.4 6.4 12.8 12.8 12.8zm96 0h22.4c6.4 0 12.8-6.4 12.8-12.8V204.8c0-6.4-6.4-12.8-12.8-12.8h-22.4c-6.4 0-12.8 6.4-12.8 12.8v134.4c0 6.4 6.4 12.8 12.8 12.8zM496 400H48V80c0-8.84-7.16-16-16-16H16C7.16 64 0 71.16 0 80v336c0 17.67 14.33 32 32 32h464c8.84 0 16-7.16 16-16v-16c0-8.84-7.16-16-16-16zm-387.2-48h22.4c6.4 0 12.8-6.4 12.8-12.8v-70.4c0-6.4-6.4-12.8-12.8-12.8h-22.4c-6.4 0-12.8 6.4-12.8 12.8v70.4c0 6.4 6.4 12.8 12.8 12.8z\" class=\"\"><\/path><\/svg><\/i> <img decoding=\"async\" width=\"16\" height=\"16\" alt=\"Loading\" src=\"https:\/\/radefeldersv.de\/wp-content\/plugins\/page-views-count\/ajax-loader-2x.gif\" border=0 \/><\/p>\n<div class=\"pvc_clear\"><\/div>\n","protected":false},"author":1,"featured_media":0,"parent":0,"menu_order":0,"comment_status":"closed","ping_status":"closed","template":"","meta":{"_crdt_document":"","footnotes":""},"class_list":["post-66","page","type-page","status-publish","hentry"],"a3_pvc":{"activated":true,"total_views":3081,"today_views":0},"_links":{"self":[{"href":"https:\/\/radefeldersv.de\/index.php?rest_route=\/wp\/v2\/pages\/66","targetHints":{"allow":["GET"]}}],"collection":[{"href":"https:\/\/radefeldersv.de\/index.php?rest_route=\/wp\/v2\/pages"}],"about":[{"href":"https:\/\/radefeldersv.de\/index.php?rest_route=\/wp\/v2\/types\/page"}],"author":[{"embeddable":true,"href":"https:\/\/radefeldersv.de\/index.php?rest_route=\/wp\/v2\/users\/1"}],"replies":[{"embeddable":true,"href":"https:\/\/radefeldersv.de\/index.php?rest_route=%2Fwp%2Fv2%2Fcomments&post=66"}],"version-history":[{"count":14,"href":"https:\/\/radefeldersv.de\/index.php?rest_route=\/wp\/v2\/pages\/66\/revisions"}],"predecessor-version":[{"id":4002,"href":"https:\/\/radefeldersv.de\/index.php?rest_route=\/wp\/v2\/pages\/66\/revisions\/4002"}],"wp:attachment":[{"href":"https:\/\/radefeldersv.de\/index.php?rest_route=%2Fwp%2Fv2%2Fmedia&parent=66"}],"curies":[{"name":"wp","href":"https:\/\/api.w.org\/{rel}","templated":true}]}}