{"id":344,"date":"2017-04-24T16:03:10","date_gmt":"2017-04-24T16:03:10","guid":{"rendered":"http:\/\/radefeldersv.de\/?page_id=344"},"modified":"2024-10-24T10:42:45","modified_gmt":"2024-10-24T08:42:45","slug":"finanzordnung","status":"publish","type":"page","link":"https:\/\/radefeldersv.de\/?page_id=344","title":{"rendered":"Finanzordnung"},"content":{"rendered":"<p style=\"text-align: center;\">Fassung gem\u00e4\u00df Beschluss der Mitgliederversammlung<\/p>\n<p style=\"text-align: center;\">vom\u00a0 24 Februar 2009<\/p>\n<p style=\"text-align: center;\">\u00a0(ge\u00e4ndert laut Beschluss der Mitgliederversammlung vom 23.10.2024)<\/p>\n<p><strong> 1 Geltungsbereich<\/strong><\/p>\n<p>Die Finanzordnung des Radefelder SV\u00b490 e.V. gilt f\u00fcr alle Finanzangelegenheiten des Vereins. Rechtswirksame Gesch\u00e4fte sind nur durch den Vorstand zu t\u00e4tigen.<\/p>\n<p><strong> 2 Grundsatz der Sparsamkeit<\/strong><\/p>\n<p>Die Finanzwirtschaft des Radefelder SV\u00b490 e.V. ist nach Grunds\u00e4tzen \u00e4u\u00dferster Sparsamkeit und Wirtschaftlichkeit zu f\u00fchren.<\/p>\n<p><strong> 3 Zahlungsverkehr<\/strong><\/p>\n<p>Der Zahlungsverkehr ist m\u00f6glichst bargeldlos und regelm\u00e4\u00dfig \u00fcber die Banknoten des Radefelder SV\u00b490 e.V. abzuwickeln. \u00dcber jede Einnahme und Ausgabe muss ein Kassenbeleg\/ eine Quittung vorhanden sein. Belege m\u00fcssen den Tag der Ausgabe, den Betrag und den Verwendungszweck enthalten. Die sachliche und rechnerische Richtigkeit ist zu pr\u00fcfen und durch legitimierte Unterschrift zu best\u00e4tigen. Bei Gesamtabrechnungen ist ein Deckblatt anzufertigen, auf dem die Zahl der Unterbelege zu vermerken ist.<\/p>\n<ul>\n<li>Der Schatzmeister f\u00fchrt in Zust\u00e4ndigkeit eine Barkasse mit maximal 1000.00- \u20ac<\/li>\n<li>Der Vorsitzende f\u00fchrt in Zust\u00e4ndigkeit eine Barkasse mit maximal 100.-\u20ac<\/li>\n<li>Die jeweiligen Abteilungsleiter k\u00f6nnen eine Barkasse mit einem maximalen Inhalt von 200.-\u20ac in\u00a0Zust\u00e4ndigkeit f\u00fchren.<\/li>\n<li>Etwaige Vorschusszahlungen f\u00fcr Anschaffungen jeglicher Art, die aus einer Genehmigung des\u00a0Vorstandes resultieren, k\u00f6nnen von den oben genannten Summen abweichen.<\/li>\n<\/ul>\n<p><strong>4 Zahlungsanweisung<\/strong><\/p>\n<p>Zahlungen k\u00f6nnen bis zu einem H\u00f6chstbetrag von \u20ac 3.000,-\u00a0 ohne zus\u00e4tzliche Unterschrift allein vom Schatzmeister des Vereins angewiesen werden. Verf\u00fcgungen \u00fcber diesen Betrag hinaus bed\u00fcrfen der Unterschrift eines zus\u00e4tzlichen \u00a0Anweisungsberechtigten nach \u00a7 5 der Finanzordnung.<\/p>\n<p><strong>5 Anweisungsberechtigt<\/strong><\/p>\n<p>Zur Anweisung von Auszahlungen auf Grund ordnungsgem\u00e4\u00df eingegangener Verpflichtungen im Rahmen des Finanzplanes sind berechtigt<\/p>\n<ul>\n<li>der Vorsitzende<\/li>\n<li>die Stellvertreter des Vorsitzenden<\/li>\n<li>der Schatzmeister<\/li>\n<\/ul>\n<p>Wer allein eine Verpflichtung f\u00fcr den Radefelder SV\u00b490 e.V. eingegangen ist (vgl. \u00a76(2)), kann auch nicht anweisen.<\/p>\n<p><strong>6 Verpflichtungserm\u00e4chtigung<\/strong><\/p>\n<ul>\n<li>Der Vorstand ist im Rahmen seiner Zust\u00e4ndigkeit erm\u00e4chtigt, auf Grundlage des Finanzplanes Verwendungs- und Verpflichtungsbeschl\u00fcsse zu fassen.<\/li>\n<li>Der Vorstand ist erm\u00e4chtigt, Verbindlichkeiten einzugehen, die im Zusammenhang mit der Verwaltung stehen, soweit hier keine Ans\u00e4tze des Finanzplanes ausreichen.<\/li>\n<li>Der Vorstand ist erm\u00e4chtigt, bis zu einem H\u00f6chstbetrag von 8000.- \u20ac \u00fcber Anschaffungen allein zu entscheiden, ohne die Mitgliederversammlung diesbez\u00fcglich zu befragen.<\/li>\n<\/ul>\n<p><strong>7 Der Finanzplan<\/strong><\/p>\n<ul>\n<li>Der Finanzplan wird nach den allgemeinen Grunds\u00e4tzen der Finanzf\u00fchrung aufgestellt und bewirtschaftet. Es wird von der Mitgliederversammlung mit einfacher Mehrheit beschlossen.<\/li>\n<li>Die einzelnen Positionen des Finanzplanes sind gegenseitig in der Gesamtsumme deckungsf\u00e4hig.<\/li>\n<li>Der Schatzmeister erstellt jedes Jahr bis zum 01.02. einen Finanzplan f\u00fcr das laufende Gesch\u00e4ftsjahr.<\/li>\n<\/ul>\n<p><strong> 8 Aufstellung und Bewirtschaftung des Finanzplanes<\/strong><\/p>\n<ul>\n<li>Der Radefelder SV\u00b490 e.V. erstellt f\u00fcr jedes Gesch\u00e4ftsjahr einen Finanzplan, der in den Einnahmen und Ausgaben deckungsgleich sein muss.<\/li>\n<li>Der Schatzmeister ist mit dem Vorstand f\u00fcr die ordnungsgem\u00e4\u00dfe Bewirtschaftung des Finanzplanes verantwortlich.<\/li>\n<li>Der Schatzmeister hat Quartalsweise eine \u00dcbersicht \u00fcber die Entwicklung des Finanzplanes zu erstellen.<\/li>\n<li>\u00dcberschreitungen von einzelnen Titeln des Finanzplanes bed\u00fcrfen der vorherigen Zustimmung des Vorstandes.<\/li>\n<li>Einnahmen sind im ideellen Bereich, in der Verm\u00f6gensverwaltung, im sportlichen Zweckbetrieb und bis zu einer H\u00f6chstgrenze im wirtschaftlichen Gesch\u00e4ftsbetrieb von 38.000.-\u20ac Umsatz erlaubt. Bei einer \u00dcberschreitung der H\u00f6chstgrenze im wirtschaftlichen Gesch\u00e4ftsbetrieb ist dieser aus dem Verein auszugliedern. Die F\u00f6rderrichtlinien des LSB und der Kommune ist zur Erf\u00fcllung im Sinne des \u00a7 2 der Satzung voll auszusch\u00f6pfen.<\/li>\n<\/ul>\n<p><strong> 9 Beitragsordnung ab 01.01.2012<\/strong><\/p>\n<p><strong>Aufnahmegeb\u00fchren:<\/strong><\/p>\n<ul>\n<li>Aufnahmegeb\u00fchr f\u00fcr nat\u00fcrliche Personen: 10,00 \u20ac<\/li>\n<li>Aufnahmegeb\u00fchr f\u00fcr juristische Personen und Kinder: 5,00 \u20ac <em>pro Mitglied<\/em><\/li>\n<\/ul>\n<p><strong>Mitgliedsbeitr\u00e4ge pro lfd. Kalenderjahr:<\/strong><\/p>\n<ul>\n<li>Mitgliedsbeitrag f\u00fcr nat\u00fcrliche Personen, ohne Erm\u00e4\u00dfigung: 120,00 \u20ac<\/li>\n<li>Mitgliedsbeitrag f\u00fcr Lehrlinge: 84,00 \u20ac<\/li>\n<li>Mitgliedsbeitrag Kinder und Sch\u00fcler: 72,00 \u20ac<\/li>\n<li>Mitgliedsbeitrag f\u00fcr passive nat\u00fcrliche Personen (F\u00f6rdermitgliedschaft): 20,00 \u20ac<\/li>\n<li>Nat\u00fcrliche Personen, die eine g\u00fcltige Trainerlizenz des DSB e.V. (Deutscher Sportbund) nachweisen k\u00f6nnen und ein Sportsegment im Verein als \u00dcbungsleiter\/ Trainer o.\u00e4. betreuen: 48,00 \u20ac<\/li>\n<li>Nat\u00fcrliche Personen, die <u>keine<\/u> g\u00fcltige Trainerlizenz des DSB e.V. (Deutscher Sportbund) nachweisen k\u00f6nnen und dennoch ein Sportsegment im Verein als \u00dcbungsleiter\/ Trainer o.\u00e4. betreuen, leisten \u2013 sofern ein Antrag vorliegt:\n<ul>\n<li>\u00fcber 18 Jahre: \u00a048,00 \u20ac<\/li>\n<li>unter 18 Jahre: 24,00 \u20ac<\/li>\n<\/ul>\n<\/li>\n<li>Nat\u00fcrliche Personen, die den Verein nach au\u00dfen aktiv repr\u00e4sentieren und die andere Sportlizenzen nachweisen k\u00f6nnen als die oben aufgef\u00fchrten -bspw. DFB-Schiedsrichterlizenzen o.\u00e4., zahlen:\n<ul>\n<li>\u00fcber 18 Jahre: \u00a0\u00a0\u00a0\u00a0\u00a0\u00a0\u00a0\u00a0\u00a0\u00a0\u00a0 48,00 \u20ac<\/li>\n<li>unter 18 Jahre: \u00a0\u00a0\u00a0\u00a0\u00a0\u00a0\u00a0\u00a0\u00a0\u00a0 24,00 \u20ac<\/li>\n<\/ul>\n<\/li>\n<li>Juristische Personen leisten pro gemeldetem Mitglied beim KSB e.V. (Kreissportbund) bzw. LSB e.V. (Landessportbund) oder sonstigen Verb\u00e4nden, den entsprechend anfallenden Verbandsbeitrag als Ausgleichszahlung an den Verein.<\/li>\n<li>Die Aufnahmegeb\u00fchren sind sofort nach Aufnahmebest\u00e4tigung durch den Vorstand zu entrichten. Die Aufnahmegeb\u00fchren f\u00fcr bestimmte juristische Mitglieder kann der Vorstand erlassen.<\/li>\n<li>Der Vorstand ist berechtigt einzelne nat\u00fcrliche Personen, insbesondere bei au\u00dfergew\u00f6hnlichem Engagement f\u00fcr den Verein, vom gesamten Beitrag zu befreien.<\/li>\n<li>Jede Abteilung kann, unter Voraussetzung der vorherigen Genehmigung des Vorstandes eine Abteilungsgeb\u00fchr erheben.<\/li>\n<li>Aufgef\u00fchrte Erm\u00e4\u00dfigungen gelten entsprechend.<\/li>\n<li>Zus\u00e4tzlicher Mitgliedsbeitrag f\u00fcr nat\u00fcrliche Personen, der Abteilung Kegeln\n<ul>\n<li>ohne Erm\u00e4\u00dfigung: 0,00 \u20ac<\/li>\n<li>mit Erm\u00e4\u00dfigung: 0,00 \u20ac<\/li>\n<\/ul>\n<\/li>\n<li>Zus\u00e4tzlicher Mitgliedsbeitrag f\u00fcr nat\u00fcrliche Personen, der Allgemeinen Sportgruppen\n<ul>\n<li>ohne Erm\u00e4\u00dfigung: 0,00 \u20ac<\/li>\n<li>mit Erm\u00e4\u00dfigung: 0,00 \u20ac<\/li>\n<\/ul>\n<\/li>\n<li>Zus\u00e4tzlicher Mitgliedsbeitrag f\u00fcr nat\u00fcrliche Personen, der Abteilung <em>Fu\u00dfball<\/em>:\n<ul>\n<li>ohne Erm\u00e4\u00dfigung: 0,00 \u20ac<\/li>\n<li>Personen bis 18 Jahre: 24,00 \u20ac<\/li>\n<\/ul>\n<\/li>\n<\/ul>\n<ul>\n<li>Zus\u00e4tzlicher Mitgliedsbeitrag f\u00fcr nat\u00fcrliche Personen, der Abteilung Gesundheitssport:\n<ul>\n<li>ohne Erm\u00e4\u00dfigung: 0,00 \u20ac<\/li>\n<li>mit Erm\u00e4\u00dfigung: 0,00 \u20ac<\/li>\n<\/ul>\n<\/li>\n<\/ul>\n<ul>\n<li>Erm\u00e4\u00dfigter Mitgliedsbeitrag f\u00fcr nat\u00fcrliche Personen, der Abteilung Tanzen:\n<ul>\n<li>Nat\u00fcrliche Personen : 0,00 \u20ac<\/li>\n<li>Personen bis 18 Jahre: 0,00 \u20ac<\/li>\n<\/ul>\n<\/li>\n<\/ul>\n<ul>\n<li>Als erm\u00e4\u00dfigt gelten nat\u00fcrliche Mitglieder dann, wenn sie eines der folgenden Merkmale erf\u00fcllen und gegebenenfalls nachweisen k\u00f6nnen:\n<ul>\n<li>Sch\u00fcler<\/li>\n<li>Auszubildende<\/li>\n<li>Studenten<\/li>\n<li>Arbeitslosengeldempf\u00e4nger<\/li>\n<li>Sozialhilfeempf\u00e4nger<\/li>\n<li>Soldaten im Grundwehrdienst<\/li>\n<li>Zivildienstleistende<\/li>\n<li>Behinderte und Schwergesch\u00e4digte<\/li>\n<li>Nat\u00fcrliche Personen, die das 16. Lebensjahr noch nicht vollendet haben<\/li>\n<li>Als nicht erm\u00e4\u00dfigt gelten nat\u00fcrliche Mitglieder dann, wenn sie ein anderes Merkmal als in \u00a79(5) erf\u00fcllen.<\/li>\n<li>Die Beitr\u00e4ge sind ausschlie\u00dflich per \u00dcberweisung oder Einzugserm\u00e4chtigung zu leisten.<\/li>\n<li>Bar Zahler haben eine Geb\u00fchr i.H.v. 10% des f\u00e4lligen Betrages zuz\u00fcglich zu entrichten.<\/li>\n<li>Bei Zahlungsausst\u00e4nden einzelner Mitglieder ist der Vorstand berechtigt, Mahngeb\u00fchren zu erheben. Diese belaufen sich \u2013 ab der zweiten Zahlungserinnerung \u2013 auf 10% des ausstehenden Betrages, aber mindestens 5 \u20ac.<\/li>\n<\/ul>\n<\/li>\n<\/ul>\n<p><strong>10 Schatzmeister<\/strong><\/p>\n<p>Der Schatzmeister ist f\u00fcr die Abwicklung aller finanziellen Angelegenheiten des Radefelder SV\u00b490 e.V. verantwortlich. Er realisiert die enge Zusammenarbeit mit dem Vorstand des Radefelder SV\u00b490 e.V.. Der Schatzmeister ist dem gesch\u00e4ftsf\u00fchrenden Vorstand gegen\u00fcber zu allen Angelegenheiten der Wirtschafts- und Finanzf\u00fchrung verantwortlich.<\/p>\n<p><strong> 11 \u00d6ffentliche Mittel<\/strong><\/p>\n<p>Werden f\u00fcr Projekte des Radefelder SV\u00b490 e.V. \u00f6ffentliche Mittel abgerechnet, so gelten hierf\u00fcr die Bewirtschaftungsgrunds\u00e4tze und Richtlinien dieser \u00f6ffentlichen Mittel abweichend von dieser Finanzordnung. Generell werden alle F\u00f6rdermittel durch den Vorstand beantragt und abgerechnet.<\/p>\n<p><strong> 12 Kontrollvollmacht<\/strong><\/p>\n<p>Verf\u00fcgungsberechtigt \u00fcber die Konten des Radefelder SV\u00b490 e.V. sind:<\/p>\n<ul>\n<li>Der Schatzmeister<\/li>\n<li>Der Vorsitzende<\/li>\n<li>Der stellvertretende Vorsitzende nur im Verhinderungsfall des Schatzmeisters bzw. des Vorsitzenden.<\/li>\n<\/ul>\n<p><strong>13 Schlussbestimmung<\/strong><\/p>\n<p>\u00dcber alle Finanz-, Kassen- und Buchhaltungsfragen, die in dieser Finanzordnung nicht geregelt sind, entscheidet der Vorstand.<\/p>\n<p><strong>14 Die Finanzordnung<\/strong><\/p>\n<p>Die Finanzordnung tritt gem\u00e4\u00df des Beschlusses der Mitgliederversammlung vom 23.10.2024 in Kraft. Gleichzeitig wird die bisherige Beitrags- und Gesch\u00e4ftsordnung au\u00dfer Kraft gesetzt.<\/p>\n<div class=\"pvc_clear\"><\/div>\n<p id=\"pvc_stats_344\" class=\"pvc_stats all  \" data-element-id=\"344\" style=\"\"><i class=\"pvc-stats-icon small\" aria-hidden=\"true\"><svg aria-hidden=\"true\" focusable=\"false\" data-prefix=\"far\" data-icon=\"chart-bar\" role=\"img\" xmlns=\"http:\/\/www.w3.org\/2000\/svg\" viewBox=\"0 0 512 512\" class=\"svg-inline--fa fa-chart-bar fa-w-16 fa-2x\"><path fill=\"currentColor\" d=\"M396.8 352h22.4c6.4 0 12.8-6.4 12.8-12.8V108.8c0-6.4-6.4-12.8-12.8-12.8h-22.4c-6.4 0-12.8 6.4-12.8 12.8v230.4c0 6.4 6.4 12.8 12.8 12.8zm-192 0h22.4c6.4 0 12.8-6.4 12.8-12.8V140.8c0-6.4-6.4-12.8-12.8-12.8h-22.4c-6.4 0-12.8 6.4-12.8 12.8v198.4c0 6.4 6.4 12.8 12.8 12.8zm96 0h22.4c6.4 0 12.8-6.4 12.8-12.8V204.8c0-6.4-6.4-12.8-12.8-12.8h-22.4c-6.4 0-12.8 6.4-12.8 12.8v134.4c0 6.4 6.4 12.8 12.8 12.8zM496 400H48V80c0-8.84-7.16-16-16-16H16C7.16 64 0 71.16 0 80v336c0 17.67 14.33 32 32 32h464c8.84 0 16-7.16 16-16v-16c0-8.84-7.16-16-16-16zm-387.2-48h22.4c6.4 0 12.8-6.4 12.8-12.8v-70.4c0-6.4-6.4-12.8-12.8-12.8h-22.4c-6.4 0-12.8 6.4-12.8 12.8v70.4c0 6.4 6.4 12.8 12.8 12.8z\" class=\"\"><\/path><\/svg><\/i> <img decoding=\"async\" width=\"16\" height=\"16\" alt=\"Loading\" src=\"https:\/\/radefeldersv.de\/wp-content\/plugins\/page-views-count\/ajax-loader-2x.gif\" border=0 \/><\/p>\n<div class=\"pvc_clear\"><\/div>\n","protected":false},"excerpt":{"rendered":"<p>Fassung gem\u00e4\u00df Beschluss der Mitgliederversammlung vom\u00a0 24 Februar 2009 \u00a0(ge\u00e4ndert laut Beschluss der Mitgliederversammlung vom 23.10.2024) 1 Geltungsbereich Die Finanzordnung des Radefelder SV\u00b490 e.V. gilt f\u00fcr alle Finanzangelegenheiten des Vereins. Rechtswirksame Gesch\u00e4fte sind nur durch den Vorstand zu t\u00e4tigen. 2 Grundsatz der Sparsamkeit Die Finanzwirtschaft des Radefelder SV\u00b490 e.V. ist nach Grunds\u00e4tzen \u00e4u\u00dferster Sparsamkeit und Wirtschaftlichkeit zu f\u00fchren. 3 Zahlungsverkehr Der Zahlungsverkehr ist m\u00f6glichst bargeldlos und regelm\u00e4\u00dfig \u00fcber die Banknoten des Radefelder SV\u00b490 e.V. abzuwickeln. \u00dcber jede Einnahme und Ausgabe muss ein Kassenbeleg\/ eine Quittung vorhanden sein. Belege m\u00fcssen den Tag der Ausgabe, den Betrag und den Verwendungszweck enthalten. Die sachliche und rechnerische Richtigkeit ist zu pr\u00fcfen und durch legitimierte Unterschrift zu best\u00e4tigen. Bei Gesamtabrechnungen ist ein Deckblatt anzufertigen, auf dem die Zahl der Unterbelege zu vermerken ist. Der Schatzmeister f\u00fchrt in Zust\u00e4ndigkeit eine Barkasse mit maximal 1000.00- \u20ac Der Vorsitzende f\u00fchrt in Zust\u00e4ndigkeit eine Barkasse mit maximal 100.-\u20ac Die jeweiligen Abteilungsleiter k\u00f6nnen eine Barkasse mit einem maximalen Inhalt von 200.-\u20ac in\u00a0Zust\u00e4ndigkeit f\u00fchren. Etwaige Vorschusszahlungen f\u00fcr Anschaffungen jeglicher Art, die aus einer Genehmigung des\u00a0Vorstandes resultieren, k\u00f6nnen von den oben genannten Summen abweichen. 4 Zahlungsanweisung Zahlungen k\u00f6nnen bis zu einem H\u00f6chstbetrag von \u20ac 3.000,-\u00a0 ohne zus\u00e4tzliche Unterschrift allein vom Schatzmeister des Vereins angewiesen werden. Verf\u00fcgungen \u00fcber diesen Betrag hinaus bed\u00fcrfen der Unterschrift eines zus\u00e4tzlichen \u00a0Anweisungsberechtigten nach \u00a7 5 der Finanzordnung. 5 Anweisungsberechtigt Zur Anweisung von Auszahlungen auf Grund ordnungsgem\u00e4\u00df eingegangener Verpflichtungen im Rahmen des Finanzplanes sind berechtigt der Vorsitzende die Stellvertreter des Vorsitzenden der Schatzmeister Wer allein eine Verpflichtung f\u00fcr den Radefelder SV\u00b490 e.V. eingegangen ist (vgl. \u00a76(2)), kann auch nicht anweisen. 6 Verpflichtungserm\u00e4chtigung Der Vorstand ist im Rahmen seiner Zust\u00e4ndigkeit erm\u00e4chtigt, auf Grundlage des Finanzplanes Verwendungs- und Verpflichtungsbeschl\u00fcsse zu fassen. Der Vorstand ist erm\u00e4chtigt, Verbindlichkeiten einzugehen, die im Zusammenhang mit der Verwaltung stehen, soweit hier keine Ans\u00e4tze des Finanzplanes ausreichen. Der Vorstand ist erm\u00e4chtigt, bis zu einem H\u00f6chstbetrag von 8000.- \u20ac \u00fcber Anschaffungen allein zu entscheiden, ohne die Mitgliederversammlung diesbez\u00fcglich zu befragen. 7 Der Finanzplan Der Finanzplan wird nach den allgemeinen Grunds\u00e4tzen der Finanzf\u00fchrung aufgestellt und bewirtschaftet. Es wird von der Mitgliederversammlung mit einfacher Mehrheit beschlossen. Die einzelnen Positionen des Finanzplanes sind gegenseitig in der Gesamtsumme deckungsf\u00e4hig. Der Schatzmeister erstellt jedes Jahr bis zum 01.02. einen Finanzplan f\u00fcr das laufende Gesch\u00e4ftsjahr. 8 Aufstellung und Bewirtschaftung des Finanzplanes Der Radefelder SV\u00b490 e.V. erstellt f\u00fcr jedes Gesch\u00e4ftsjahr einen Finanzplan, der in den Einnahmen und Ausgaben deckungsgleich sein muss. Der Schatzmeister ist mit dem Vorstand f\u00fcr die ordnungsgem\u00e4\u00dfe Bewirtschaftung des Finanzplanes verantwortlich. Der Schatzmeister hat Quartalsweise eine \u00dcbersicht \u00fcber die Entwicklung des Finanzplanes zu erstellen. \u00dcberschreitungen von einzelnen Titeln des Finanzplanes bed\u00fcrfen der vorherigen Zustimmung des Vorstandes. Einnahmen sind im ideellen Bereich, in der Verm\u00f6gensverwaltung, im sportlichen Zweckbetrieb und bis zu einer H\u00f6chstgrenze im wirtschaftlichen Gesch\u00e4ftsbetrieb von 38.000.-\u20ac Umsatz erlaubt. Bei einer \u00dcberschreitung der H\u00f6chstgrenze im wirtschaftlichen Gesch\u00e4ftsbetrieb ist dieser aus dem Verein auszugliedern. Die F\u00f6rderrichtlinien des LSB und der Kommune ist zur Erf\u00fcllung im Sinne des \u00a7 2 der Satzung voll auszusch\u00f6pfen. 9 Beitragsordnung ab 01.01.2012 Aufnahmegeb\u00fchren: Aufnahmegeb\u00fchr f\u00fcr nat\u00fcrliche Personen: 10,00 \u20ac Aufnahmegeb\u00fchr f\u00fcr juristische Personen und Kinder: 5,00 \u20ac pro Mitglied Mitgliedsbeitr\u00e4ge pro lfd. Kalenderjahr: Mitgliedsbeitrag f\u00fcr nat\u00fcrliche Personen, ohne Erm\u00e4\u00dfigung: 120,00 \u20ac Mitgliedsbeitrag f\u00fcr Lehrlinge: 84,00 \u20ac Mitgliedsbeitrag Kinder und Sch\u00fcler: 72,00 \u20ac Mitgliedsbeitrag f\u00fcr passive nat\u00fcrliche Personen (F\u00f6rdermitgliedschaft): 20,00 \u20ac Nat\u00fcrliche Personen, die eine g\u00fcltige Trainerlizenz des DSB e.V. (Deutscher Sportbund) nachweisen k\u00f6nnen und ein Sportsegment im Verein als \u00dcbungsleiter\/ Trainer o.\u00e4. betreuen: 48,00 \u20ac Nat\u00fcrliche Personen, die keine g\u00fcltige Trainerlizenz des DSB e.V. (Deutscher Sportbund) nachweisen k\u00f6nnen und dennoch ein Sportsegment im Verein als \u00dcbungsleiter\/ Trainer o.\u00e4. betreuen, leisten \u2013 sofern ein Antrag vorliegt: \u00fcber 18 Jahre: \u00a048,00 \u20ac unter 18 Jahre: 24,00 \u20ac Nat\u00fcrliche Personen, die den Verein nach au\u00dfen aktiv repr\u00e4sentieren und die andere Sportlizenzen nachweisen k\u00f6nnen als die oben aufgef\u00fchrten -bspw. DFB-Schiedsrichterlizenzen o.\u00e4., zahlen: \u00fcber 18 Jahre: \u00a0\u00a0\u00a0\u00a0\u00a0\u00a0\u00a0\u00a0\u00a0\u00a0\u00a0 48,00 \u20ac unter 18 Jahre: \u00a0\u00a0\u00a0\u00a0\u00a0\u00a0\u00a0\u00a0\u00a0\u00a0 24,00 \u20ac Juristische Personen leisten pro gemeldetem Mitglied beim KSB e.V. (Kreissportbund) bzw. LSB e.V. (Landessportbund) oder sonstigen Verb\u00e4nden, den entsprechend anfallenden Verbandsbeitrag als Ausgleichszahlung an den Verein. Die Aufnahmegeb\u00fchren sind sofort nach Aufnahmebest\u00e4tigung durch den Vorstand zu entrichten. Die Aufnahmegeb\u00fchren f\u00fcr bestimmte juristische Mitglieder kann der Vorstand erlassen. Der Vorstand ist berechtigt einzelne nat\u00fcrliche Personen, insbesondere bei au\u00dfergew\u00f6hnlichem Engagement f\u00fcr den Verein, vom gesamten Beitrag zu befreien. Jede Abteilung kann, unter Voraussetzung der vorherigen Genehmigung des Vorstandes eine Abteilungsgeb\u00fchr erheben. Aufgef\u00fchrte Erm\u00e4\u00dfigungen gelten entsprechend. Zus\u00e4tzlicher Mitgliedsbeitrag f\u00fcr nat\u00fcrliche Personen, der Abteilung Kegeln ohne Erm\u00e4\u00dfigung: 0,00 \u20ac mit Erm\u00e4\u00dfigung: 0,00 \u20ac Zus\u00e4tzlicher Mitgliedsbeitrag f\u00fcr nat\u00fcrliche Personen, der Allgemeinen Sportgruppen ohne Erm\u00e4\u00dfigung: 0,00 \u20ac mit Erm\u00e4\u00dfigung: 0,00 \u20ac Zus\u00e4tzlicher Mitgliedsbeitrag f\u00fcr nat\u00fcrliche Personen, der Abteilung Fu\u00dfball: ohne Erm\u00e4\u00dfigung: 0,00 \u20ac Personen bis 18 Jahre: 24,00 \u20ac Zus\u00e4tzlicher Mitgliedsbeitrag f\u00fcr nat\u00fcrliche Personen, der Abteilung Gesundheitssport: ohne Erm\u00e4\u00dfigung: 0,00 \u20ac mit Erm\u00e4\u00dfigung: 0,00 \u20ac Erm\u00e4\u00dfigter Mitgliedsbeitrag f\u00fcr nat\u00fcrliche Personen, der Abteilung Tanzen: Nat\u00fcrliche Personen : 0,00 \u20ac Personen bis 18 Jahre: 0,00 \u20ac Als erm\u00e4\u00dfigt gelten nat\u00fcrliche Mitglieder dann, wenn sie eines der folgenden Merkmale erf\u00fcllen und gegebenenfalls nachweisen k\u00f6nnen: Sch\u00fcler Auszubildende Studenten Arbeitslosengeldempf\u00e4nger Sozialhilfeempf\u00e4nger Soldaten im Grundwehrdienst Zivildienstleistende Behinderte und Schwergesch\u00e4digte Nat\u00fcrliche Personen, die das 16. Lebensjahr noch nicht vollendet haben Als nicht erm\u00e4\u00dfigt gelten nat\u00fcrliche Mitglieder dann, wenn sie ein anderes Merkmal als in \u00a79(5) erf\u00fcllen. Die Beitr\u00e4ge sind ausschlie\u00dflich per \u00dcberweisung oder Einzugserm\u00e4chtigung zu leisten. Bar Zahler haben eine Geb\u00fchr i.H.v. 10% des f\u00e4lligen Betrages zuz\u00fcglich zu entrichten. Bei Zahlungsausst\u00e4nden einzelner Mitglieder ist der Vorstand berechtigt, Mahngeb\u00fchren zu erheben. Diese belaufen sich \u2013 ab der zweiten Zahlungserinnerung \u2013 auf 10% des ausstehenden Betrages, aber mindestens 5 \u20ac. 10 Schatzmeister Der Schatzmeister ist f\u00fcr die Abwicklung aller finanziellen Angelegenheiten des Radefelder SV\u00b490 e.V. verantwortlich. Er realisiert die enge Zusammenarbeit mit dem Vorstand des Radefelder SV\u00b490 e.V.. Der Schatzmeister ist dem gesch\u00e4ftsf\u00fchrenden Vorstand gegen\u00fcber zu allen Angelegenheiten der Wirtschafts- und Finanzf\u00fchrung verantwortlich. 11 \u00d6ffentliche Mittel Werden f\u00fcr Projekte des Radefelder SV\u00b490 e.V. \u00f6ffentliche Mittel abgerechnet, so gelten hierf\u00fcr die Bewirtschaftungsgrunds\u00e4tze und Richtlinien dieser \u00f6ffentlichen Mittel abweichend von dieser Finanzordnung. Generell werden alle F\u00f6rdermittel durch den Vorstand beantragt und abgerechnet. 12 Kontrollvollmacht Verf\u00fcgungsberechtigt \u00fcber die Konten des Radefelder SV\u00b490 e.V. sind: Der Schatzmeister Der Vorsitzende Der stellvertretende Vorsitzende nur im Verhinderungsfall des Schatzmeisters bzw. des Vorsitzenden. 13 Schlussbestimmung \u00dcber alle Finanz-, Kassen- und Buchhaltungsfragen, die in dieser Finanzordnung nicht geregelt sind, entscheidet der Vorstand. 14 Die Finanzordnung Die Finanzordnung tritt gem\u00e4\u00df des Beschlusses der Mitgliederversammlung vom 23.10.2024 in Kraft. Gleichzeitig wird die bisherige Beitrags- und Gesch\u00e4ftsordnung au\u00dfer Kraft gesetzt.<\/p>\n<div class=\"pvc_clear\"><\/div>\n<p id=\"pvc_stats_344\" class=\"pvc_stats all  \" data-element-id=\"344\" style=\"\"><i class=\"pvc-stats-icon small\" aria-hidden=\"true\"><svg aria-hidden=\"true\" focusable=\"false\" data-prefix=\"far\" data-icon=\"chart-bar\" role=\"img\" xmlns=\"http:\/\/www.w3.org\/2000\/svg\" viewBox=\"0 0 512 512\" class=\"svg-inline--fa fa-chart-bar fa-w-16 fa-2x\"><path fill=\"currentColor\" d=\"M396.8 352h22.4c6.4 0 12.8-6.4 12.8-12.8V108.8c0-6.4-6.4-12.8-12.8-12.8h-22.4c-6.4 0-12.8 6.4-12.8 12.8v230.4c0 6.4 6.4 12.8 12.8 12.8zm-192 0h22.4c6.4 0 12.8-6.4 12.8-12.8V140.8c0-6.4-6.4-12.8-12.8-12.8h-22.4c-6.4 0-12.8 6.4-12.8 12.8v198.4c0 6.4 6.4 12.8 12.8 12.8zm96 0h22.4c6.4 0 12.8-6.4 12.8-12.8V204.8c0-6.4-6.4-12.8-12.8-12.8h-22.4c-6.4 0-12.8 6.4-12.8 12.8v134.4c0 6.4 6.4 12.8 12.8 12.8zM496 400H48V80c0-8.84-7.16-16-16-16H16C7.16 64 0 71.16 0 80v336c0 17.67 14.33 32 32 32h464c8.84 0 16-7.16 16-16v-16c0-8.84-7.16-16-16-16zm-387.2-48h22.4c6.4 0 12.8-6.4 12.8-12.8v-70.4c0-6.4-6.4-12.8-12.8-12.8h-22.4c-6.4 0-12.8 6.4-12.8 12.8v70.4c0 6.4 6.4 12.8 12.8 12.8z\" class=\"\"><\/path><\/svg><\/i> <img decoding=\"async\" width=\"16\" height=\"16\" alt=\"Loading\" src=\"https:\/\/radefeldersv.de\/wp-content\/plugins\/page-views-count\/ajax-loader-2x.gif\" border=0 \/><\/p>\n<div class=\"pvc_clear\"><\/div>\n","protected":false},"author":1,"featured_media":0,"parent":0,"menu_order":0,"comment_status":"closed","ping_status":"closed","template":"","meta":{"_crdt_document":"","footnotes":""},"class_list":["post-344","page","type-page","status-publish","hentry"],"a3_pvc":{"activated":true,"total_views":2951,"today_views":0},"_links":{"self":[{"href":"https:\/\/radefeldersv.de\/index.php?rest_route=\/wp\/v2\/pages\/344","targetHints":{"allow":["GET"]}}],"collection":[{"href":"https:\/\/radefeldersv.de\/index.php?rest_route=\/wp\/v2\/pages"}],"about":[{"href":"https:\/\/radefeldersv.de\/index.php?rest_route=\/wp\/v2\/types\/page"}],"author":[{"embeddable":true,"href":"https:\/\/radefeldersv.de\/index.php?rest_route=\/wp\/v2\/users\/1"}],"replies":[{"embeddable":true,"href":"https:\/\/radefeldersv.de\/index.php?rest_route=%2Fwp%2Fv2%2Fcomments&post=344"}],"version-history":[{"count":13,"href":"https:\/\/radefeldersv.de\/index.php?rest_route=\/wp\/v2\/pages\/344\/revisions"}],"predecessor-version":[{"id":3749,"href":"https:\/\/radefeldersv.de\/index.php?rest_route=\/wp\/v2\/pages\/344\/revisions\/3749"}],"wp:attachment":[{"href":"https:\/\/radefeldersv.de\/index.php?rest_route=%2Fwp%2Fv2%2Fmedia&parent=344"}],"curies":[{"name":"wp","href":"https:\/\/api.w.org\/{rel}","templated":true}]}}