{"id":333,"date":"2017-04-24T15:52:48","date_gmt":"2017-04-24T15:52:48","guid":{"rendered":"http:\/\/radefeldersv.de\/?page_id=333"},"modified":"2025-03-10T17:56:19","modified_gmt":"2025-03-10T15:56:19","slug":"mitglied-werden","status":"publish","type":"page","link":"https:\/\/radefeldersv.de\/?page_id=333","title":{"rendered":"Mitglied werden"},"content":{"rendered":"\n<p class=\"has-text-align-center has-medium-font-size wp-block-paragraph\"><strong><em>Sie m\u00f6chten Mitglied in unseren Verein werden, dann einfach die Eintrittserkl\u00e4rung herunterladen, ausf\u00fcllen und an uns schicken oder einfach direkt bei Ihrem \u00dcbungsleiter im Verein abgeben. <\/em><\/strong><\/p>\n\n\n\n<div style=\"height:35px\" aria-hidden=\"true\" class=\"wp-block-spacer\"><\/div>\n\n\n\n<div data-wp-interactive=\"core\/file\" class=\"wp-block-file\"><object data-wp-bind--hidden=\"!state.hasPdfPreview\" hidden class=\"wp-block-file__embed\" data=\"https:\/\/radefeldersv.de\/wp-content\/uploads\/2025\/03\/Mitgliedsantrag.pdf\" type=\"application\/pdf\" style=\"width:100%;height:600px\" aria-label=\"Einbettung von Mitgliedsantrag.\"><\/object><a id=\"wp-block-file--media-8bc90857-747c-4143-8040-de3add898fae\" href=\"https:\/\/radefeldersv.de\/wp-content\/uploads\/2025\/03\/Mitgliedsantrag.pdf\">Mitgliedsantrag<\/a><a href=\"https:\/\/radefeldersv.de\/wp-content\/uploads\/2025\/03\/Mitgliedsantrag.pdf\" class=\"wp-block-file__button wp-element-button\" download aria-describedby=\"wp-block-file--media-8bc90857-747c-4143-8040-de3add898fae\">Herunterladen<\/a><\/div>\n<div class=\"pvc_clear\"><\/div><p id=\"pvc_stats_333\" class=\"pvc_stats all  \" data-element-id=\"333\" style=\"\"><i class=\"pvc-stats-icon small\" aria-hidden=\"true\"><svg aria-hidden=\"true\" focusable=\"false\" data-prefix=\"far\" data-icon=\"chart-bar\" role=\"img\" xmlns=\"http:\/\/www.w3.org\/2000\/svg\" viewBox=\"0 0 512 512\" class=\"svg-inline--fa fa-chart-bar fa-w-16 fa-2x\"><path fill=\"currentColor\" d=\"M396.8 352h22.4c6.4 0 12.8-6.4 12.8-12.8V108.8c0-6.4-6.4-12.8-12.8-12.8h-22.4c-6.4 0-12.8 6.4-12.8 12.8v230.4c0 6.4 6.4 12.8 12.8 12.8zm-192 0h22.4c6.4 0 12.8-6.4 12.8-12.8V140.8c0-6.4-6.4-12.8-12.8-12.8h-22.4c-6.4 0-12.8 6.4-12.8 12.8v198.4c0 6.4 6.4 12.8 12.8 12.8zm96 0h22.4c6.4 0 12.8-6.4 12.8-12.8V204.8c0-6.4-6.4-12.8-12.8-12.8h-22.4c-6.4 0-12.8 6.4-12.8 12.8v134.4c0 6.4 6.4 12.8 12.8 12.8zM496 400H48V80c0-8.84-7.16-16-16-16H16C7.16 64 0 71.16 0 80v336c0 17.67 14.33 32 32 32h464c8.84 0 16-7.16 16-16v-16c0-8.84-7.16-16-16-16zm-387.2-48h22.4c6.4 0 12.8-6.4 12.8-12.8v-70.4c0-6.4-6.4-12.8-12.8-12.8h-22.4c-6.4 0-12.8 6.4-12.8 12.8v70.4c0 6.4 6.4 12.8 12.8 12.8z\" class=\"\"><\/path><\/svg><\/i> <img decoding=\"async\" width=\"16\" height=\"16\" alt=\"Loading\" src=\"https:\/\/radefeldersv.de\/wp-content\/plugins\/page-views-count\/ajax-loader-2x.gif\" border=0 \/><\/p><div class=\"pvc_clear\"><\/div>","protected":false},"excerpt":{"rendered":"<p>Sie m\u00f6chten Mitglied in unseren Verein werden, dann einfach die Eintrittserkl\u00e4rung herunterladen, ausf\u00fcllen und an uns schicken oder einfach direkt bei Ihrem \u00dcbungsleiter im Verein abgeben.<\/p>\n<div class=\"pvc_clear\"><\/div>\n<p id=\"pvc_stats_333\" class=\"pvc_stats all  \" data-element-id=\"333\" style=\"\"><i class=\"pvc-stats-icon small\" aria-hidden=\"true\"><svg aria-hidden=\"true\" focusable=\"false\" data-prefix=\"far\" data-icon=\"chart-bar\" role=\"img\" xmlns=\"http:\/\/www.w3.org\/2000\/svg\" viewBox=\"0 0 512 512\" class=\"svg-inline--fa fa-chart-bar fa-w-16 fa-2x\"><path fill=\"currentColor\" d=\"M396.8 352h22.4c6.4 0 12.8-6.4 12.8-12.8V108.8c0-6.4-6.4-12.8-12.8-12.8h-22.4c-6.4 0-12.8 6.4-12.8 12.8v230.4c0 6.4 6.4 12.8 12.8 12.8zm-192 0h22.4c6.4 0 12.8-6.4 12.8-12.8V140.8c0-6.4-6.4-12.8-12.8-12.8h-22.4c-6.4 0-12.8 6.4-12.8 12.8v198.4c0 6.4 6.4 12.8 12.8 12.8zm96 0h22.4c6.4 0 12.8-6.4 12.8-12.8V204.8c0-6.4-6.4-12.8-12.8-12.8h-22.4c-6.4 0-12.8 6.4-12.8 12.8v134.4c0 6.4 6.4 12.8 12.8 12.8zM496 400H48V80c0-8.84-7.16-16-16-16H16C7.16 64 0 71.16 0 80v336c0 17.67 14.33 32 32 32h464c8.84 0 16-7.16 16-16v-16c0-8.84-7.16-16-16-16zm-387.2-48h22.4c6.4 0 12.8-6.4 12.8-12.8v-70.4c0-6.4-6.4-12.8-12.8-12.8h-22.4c-6.4 0-12.8 6.4-12.8 12.8v70.4c0 6.4 6.4 12.8 12.8 12.8z\" class=\"\"><\/path><\/svg><\/i> <img decoding=\"async\" width=\"16\" height=\"16\" alt=\"Loading\" src=\"https:\/\/radefeldersv.de\/wp-content\/plugins\/page-views-count\/ajax-loader-2x.gif\" border=0 \/><\/p>\n<div class=\"pvc_clear\"><\/div>\n","protected":false},"author":1,"featured_media":2977,"parent":0,"menu_order":0,"comment_status":"closed","ping_status":"closed","template":"","meta":{"_crdt_document":"","footnotes":""},"class_list":["post-333","page","type-page","status-publish","has-post-thumbnail","hentry"],"a3_pvc":{"activated":true,"total_views":3074,"today_views":0},"_links":{"self":[{"href":"https:\/\/radefeldersv.de\/index.php?rest_route=\/wp\/v2\/pages\/333","targetHints":{"allow":["GET"]}}],"collection":[{"href":"https:\/\/radefeldersv.de\/index.php?rest_route=\/wp\/v2\/pages"}],"about":[{"href":"https:\/\/radefeldersv.de\/index.php?rest_route=\/wp\/v2\/types\/page"}],"author":[{"embeddable":true,"href":"https:\/\/radefeldersv.de\/index.php?rest_route=\/wp\/v2\/users\/1"}],"replies":[{"embeddable":true,"href":"https:\/\/radefeldersv.de\/index.php?rest_route=%2Fwp%2Fv2%2Fcomments&post=333"}],"version-history":[{"count":8,"href":"https:\/\/radefeldersv.de\/index.php?rest_route=\/wp\/v2\/pages\/333\/revisions"}],"predecessor-version":[{"id":3820,"href":"https:\/\/radefeldersv.de\/index.php?rest_route=\/wp\/v2\/pages\/333\/revisions\/3820"}],"wp:featuredmedia":[{"embeddable":true,"href":"https:\/\/radefeldersv.de\/index.php?rest_route=\/wp\/v2\/media\/2977"}],"wp:attachment":[{"href":"https:\/\/radefeldersv.de\/index.php?rest_route=%2Fwp%2Fv2%2Fmedia&parent=333"}],"curies":[{"name":"wp","href":"https:\/\/api.w.org\/{rel}","templated":true}]}}