{"id":3262,"date":"2023-05-14T14:35:08","date_gmt":"2023-05-14T12:35:08","guid":{"rendered":"https:\/\/radefeldersv.de\/?page_id=3262"},"modified":"2023-05-14T15:15:24","modified_gmt":"2023-05-14T13:15:24","slug":"newsletter","status":"publish","type":"page","link":"https:\/\/radefeldersv.de\/?page_id=3262","title":{"rendered":"Newsletter"},"content":{"rendered":"\t\t<div data-elementor-type=\"wp-page\" data-elementor-id=\"3262\" class=\"elementor elementor-3262\">\n\t\t\t\t\t\t<section class=\"elementor-section elementor-top-section elementor-element elementor-element-ede83f6 elementor-section-boxed elementor-section-height-default elementor-section-height-default\" data-id=\"ede83f6\" data-element_type=\"section\" data-e-type=\"section\">\n\t\t\t\t\t\t<div class=\"elementor-container elementor-column-gap-default\">\n\t\t\t\t\t<div class=\"elementor-column elementor-col-100 elementor-top-column elementor-element elementor-element-291b5fe\" data-id=\"291b5fe\" data-element_type=\"column\" data-e-type=\"column\">\n\t\t\t<div class=\"elementor-widget-wrap elementor-element-populated\">\n\t\t\t\t\t\t<div class=\"elementor-element elementor-element-37f5fe4 elementor-widget elementor-widget-text-editor\" data-id=\"37f5fe4\" data-element_type=\"widget\" data-e-type=\"widget\" data-widget_type=\"text-editor.default\">\n\t\t\t\t<div class=\"elementor-widget-container\">\n\t\t\t\t\t\t\t\t\t<p>Herzlich willkommen auf der Anmeldeseite unseres Newsletters!<\/p>\n<p>Wir freuen uns, dass du dich f\u00fcr unseren Newsletter interessierst. Mit unserem Newsletter bleibst du immer auf dem Laufenden und erh\u00e4ltst regelm\u00e4\u00dfig alle wichtigen Neuigkeiten und Informationen rund um den Radefelder SV.<\/p>\n<p>Um unseren Newsletter zu abonnieren, f\u00fclle einfach das untenstehende Anmeldeformular aus. Trage deinen Namen und deine E-Mail-Adresse ein und klicke auf &#8222;Anmelden&#8220;. Sobald du das getan hast, bist du f\u00fcr unseren Newsletter angemeldet und erh\u00e4ltst alle Neuigkeiten direkt in dein E-Mail-Postfach.<\/p>\n<p>Wir freuen uns, dich als Abonnenten unseres Newsletters begr\u00fc\u00dfen zu d\u00fcrfen und hoffen, dass wir dich mit unseren Informationen begeistern k\u00f6nnen!<\/p>\t\t\t\t\t\t\t\t<\/div>\n\t\t\t\t<\/div>\n\t\t\t\t\t<\/div>\n\t\t<\/div>\n\t\t\t\t\t<\/div>\n\t\t<\/section>\n\t\t\t\t<section class=\"elementor-section elementor-top-section elementor-element elementor-element-917e406 elementor-section-boxed elementor-section-height-default elementor-section-height-default\" data-id=\"917e406\" data-element_type=\"section\" data-e-type=\"section\">\n\t\t\t\t\t\t<div class=\"elementor-container elementor-column-gap-default\">\n\t\t\t\t\t<div class=\"elementor-column elementor-col-100 elementor-top-column elementor-element elementor-element-b1b3cb6\" data-id=\"b1b3cb6\" data-element_type=\"column\" data-e-type=\"column\">\n\t\t\t<div class=\"elementor-widget-wrap elementor-element-populated\">\n\t\t\t\t\t\t<div class=\"elementor-element elementor-element-114c524b elementor-widget elementor-widget-text-editor\" data-id=\"114c524b\" data-element_type=\"widget\" data-e-type=\"widget\" data-widget_type=\"text-editor.default\">\n\t\t\t\t<div class=\"elementor-widget-container\">\n\t\t\t\t\t\t\t\t\t<div class=\"tnp tnp-subscription \">\n<form method=\"post\" action=\"https:\/\/radefeldersv.de\/wp-admin\/admin-ajax.php?action=tnp&amp;na=s\">\n<input type=\"hidden\" name=\"nlang\" value=\"\">\n<div class=\"tnp-field tnp-field-firstname\"><label for=\"tnp-1\">Vorname und Nachname<\/label>\n<input class=\"tnp-name\" type=\"text\" name=\"nn\" id=\"tnp-1\" value=\"\" placeholder=\"\"><\/div>\n<div class=\"tnp-field tnp-field-email\"><label for=\"tnp-2\">Email<\/label>\n<input class=\"tnp-email\" type=\"email\" name=\"ne\" id=\"tnp-2\" value=\"\" placeholder=\"\" required><\/div>\n<div class=\"tnp-field tnp-privacy-field\"><label><input type=\"checkbox\" name=\"ny\" required class=\"tnp-privacy\"> <a target=\"_blank\" href=\"https:\/\/radefeldersv.de\/?page_id=878\">Indem Du fortf\u00e4hrst, akzeptierst Du unsere Datenschutzerkl\u00e4rung.<\/a><\/label><\/div><div class=\"tnp-field tnp-field-button\" style=\"text-align: left\"><input class=\"tnp-submit\" type=\"submit\" value=\"Abonnieren\" style=\"\">\n<\/div>\n<\/form>\n<\/div>\n\t\t\t\t\t\t\t\t<\/div>\n\t\t\t\t<\/div>\n\t\t\t\t\t<\/div>\n\t\t<\/div>\n\t\t\t\t\t<\/div>\n\t\t<\/section>\n\t\t\t\t<\/div>\n\t\t","protected":false},"excerpt":{"rendered":"<p>Herzlich willkommen auf der Anmeldeseite unseres Newsletters! Wir freuen uns, dass du dich f\u00fcr unseren Newsletter interessierst. Mit unserem Newsletter bleibst du immer auf dem Laufenden und erh\u00e4ltst regelm\u00e4\u00dfig alle wichtigen Neuigkeiten und Informationen rund um den Radefelder SV. Um unseren Newsletter zu abonnieren, f\u00fclle einfach das untenstehende Anmeldeformular aus. Trage deinen Namen und deine E-Mail-Adresse ein und klicke auf &#8222;Anmelden&#8220;. Sobald du das getan hast, bist du f\u00fcr unseren Newsletter angemeldet und erh\u00e4ltst alle Neuigkeiten direkt in dein E-Mail-Postfach. Wir freuen uns, dich als Abonnenten unseres Newsletters begr\u00fc\u00dfen zu d\u00fcrfen und hoffen, dass wir dich mit unseren Informationen begeistern k\u00f6nnen!<\/p>\n<div class=\"pvc_clear\"><\/div>\n<p id=\"pvc_stats_3262\" class=\"pvc_stats all  \" data-element-id=\"3262\" style=\"\"><i class=\"pvc-stats-icon small\" aria-hidden=\"true\"><svg aria-hidden=\"true\" focusable=\"false\" data-prefix=\"far\" data-icon=\"chart-bar\" role=\"img\" xmlns=\"http:\/\/www.w3.org\/2000\/svg\" viewBox=\"0 0 512 512\" class=\"svg-inline--fa fa-chart-bar fa-w-16 fa-2x\"><path fill=\"currentColor\" d=\"M396.8 352h22.4c6.4 0 12.8-6.4 12.8-12.8V108.8c0-6.4-6.4-12.8-12.8-12.8h-22.4c-6.4 0-12.8 6.4-12.8 12.8v230.4c0 6.4 6.4 12.8 12.8 12.8zm-192 0h22.4c6.4 0 12.8-6.4 12.8-12.8V140.8c0-6.4-6.4-12.8-12.8-12.8h-22.4c-6.4 0-12.8 6.4-12.8 12.8v198.4c0 6.4 6.4 12.8 12.8 12.8zm96 0h22.4c6.4 0 12.8-6.4 12.8-12.8V204.8c0-6.4-6.4-12.8-12.8-12.8h-22.4c-6.4 0-12.8 6.4-12.8 12.8v134.4c0 6.4 6.4 12.8 12.8 12.8zM496 400H48V80c0-8.84-7.16-16-16-16H16C7.16 64 0 71.16 0 80v336c0 17.67 14.33 32 32 32h464c8.84 0 16-7.16 16-16v-16c0-8.84-7.16-16-16-16zm-387.2-48h22.4c6.4 0 12.8-6.4 12.8-12.8v-70.4c0-6.4-6.4-12.8-12.8-12.8h-22.4c-6.4 0-12.8 6.4-12.8 12.8v70.4c0 6.4 6.4 12.8 12.8 12.8z\" class=\"\"><\/path><\/svg><\/i> <img decoding=\"async\" width=\"16\" height=\"16\" alt=\"Loading\" src=\"https:\/\/radefeldersv.de\/wp-content\/plugins\/page-views-count\/ajax-loader-2x.gif\" border=0 \/><\/p>\n<div class=\"pvc_clear\"><\/div>\n","protected":false},"author":3,"featured_media":0,"parent":0,"menu_order":0,"comment_status":"closed","ping_status":"closed","template":"","meta":{"_crdt_document":"","footnotes":""},"class_list":["post-3262","page","type-page","status-publish","hentry"],"a3_pvc":{"activated":true,"total_views":102,"today_views":0},"_links":{"self":[{"href":"https:\/\/radefeldersv.de\/index.php?rest_route=\/wp\/v2\/pages\/3262","targetHints":{"allow":["GET"]}}],"collection":[{"href":"https:\/\/radefeldersv.de\/index.php?rest_route=\/wp\/v2\/pages"}],"about":[{"href":"https:\/\/radefeldersv.de\/index.php?rest_route=\/wp\/v2\/types\/page"}],"author":[{"embeddable":true,"href":"https:\/\/radefeldersv.de\/index.php?rest_route=\/wp\/v2\/users\/3"}],"replies":[{"embeddable":true,"href":"https:\/\/radefeldersv.de\/index.php?rest_route=%2Fwp%2Fv2%2Fcomments&post=3262"}],"version-history":[{"count":3,"href":"https:\/\/radefeldersv.de\/index.php?rest_route=\/wp\/v2\/pages\/3262\/revisions"}],"predecessor-version":[{"id":3278,"href":"https:\/\/radefeldersv.de\/index.php?rest_route=\/wp\/v2\/pages\/3262\/revisions\/3278"}],"wp:attachment":[{"href":"https:\/\/radefeldersv.de\/index.php?rest_route=%2Fwp%2Fv2%2Fmedia&parent=3262"}],"curies":[{"name":"wp","href":"https:\/\/api.w.org\/{rel}","templated":true}]}}