{"id":18,"date":"2017-04-22T07:56:07","date_gmt":"2017-04-22T07:56:07","guid":{"rendered":"http:\/\/radefeldersv.de\/?page_id=18"},"modified":"2026-03-03T13:46:17","modified_gmt":"2026-03-03T11:46:17","slug":"kegeln","status":"publish","type":"page","link":"https:\/\/radefeldersv.de\/?page_id=18","title":{"rendered":"Kegeln"},"content":{"rendered":"\n<div style=\"height:30px\" aria-hidden=\"true\" class=\"wp-block-spacer\"><\/div>\n\n\n\n<p class=\"has-text-align-center csc-header csc-header-n3 has-medium-font-size wp-block-paragraph\"><strong><em>Trainingsort<\/em><\/strong>:<\/p>\n\n\n\n<p class=\"has-text-align-center bodytext wp-block-paragraph\">Gasthof &#8222;Zur Kugel&#8220;<\/p>\n\n\n\n<p class=\"has-text-align-center bodytext wp-block-paragraph\">Leipziger Str. 37<\/p>\n\n\n\n<p class=\"has-text-align-center bodytext wp-block-paragraph\">04509 Wiedemar\/OT Zwochau<\/p>\n\n\n\n<div style=\"height:20px\" aria-hidden=\"true\" class=\"wp-block-spacer\"><\/div>\n\n\n\n<p class=\"has-text-align-center has-medium-font-size wp-block-paragraph\"><strong><em>Trainingszeit:<\/em><\/strong><\/p>\n\n\n\n<p class=\"has-text-align-center wp-block-paragraph\">Freitag ab 17:00 Uhr<\/p>\n\n\n\n<div style=\"height:20px\" aria-hidden=\"true\" class=\"wp-block-spacer\"><\/div>\n\n\n\n<div>\n<hr>\n<\/div>\n\n\n\n<div style=\"height:20px\" aria-hidden=\"true\" class=\"wp-block-spacer\"><\/div>\n\n\n\n<p class=\"has-text-align-center has-medium-font-size wp-block-paragraph\"><strong><em>Mannschaftskapit\u00e4n<\/em><\/strong>:<\/p>\n\n\n\n<p class=\"has-text-align-center wp-block-paragraph\">J\u00fcrgen Weber &#8211; Telefon: 0176 9628553<\/p>\n\n\n\n<div style=\"height:31px\" aria-hidden=\"true\" class=\"wp-block-spacer\"><\/div>\n\n\n\n<p class=\"has-text-align-center has-medium-font-size wp-block-paragraph\"><strong><em>Sektionsleiter:<\/em><\/strong><\/p>\n\n\n\n<div style=\"text-align: center;\">Rene Hil\u00dfner &#8211;&nbsp;Telefon: 0178 6625077<\/div>\n<div class=\"pvc_clear\"><\/div><p id=\"pvc_stats_18\" class=\"pvc_stats all  \" data-element-id=\"18\" style=\"\"><i class=\"pvc-stats-icon small\" aria-hidden=\"true\"><svg aria-hidden=\"true\" focusable=\"false\" data-prefix=\"far\" data-icon=\"chart-bar\" role=\"img\" xmlns=\"http:\/\/www.w3.org\/2000\/svg\" viewBox=\"0 0 512 512\" class=\"svg-inline--fa fa-chart-bar fa-w-16 fa-2x\"><path fill=\"currentColor\" d=\"M396.8 352h22.4c6.4 0 12.8-6.4 12.8-12.8V108.8c0-6.4-6.4-12.8-12.8-12.8h-22.4c-6.4 0-12.8 6.4-12.8 12.8v230.4c0 6.4 6.4 12.8 12.8 12.8zm-192 0h22.4c6.4 0 12.8-6.4 12.8-12.8V140.8c0-6.4-6.4-12.8-12.8-12.8h-22.4c-6.4 0-12.8 6.4-12.8 12.8v198.4c0 6.4 6.4 12.8 12.8 12.8zm96 0h22.4c6.4 0 12.8-6.4 12.8-12.8V204.8c0-6.4-6.4-12.8-12.8-12.8h-22.4c-6.4 0-12.8 6.4-12.8 12.8v134.4c0 6.4 6.4 12.8 12.8 12.8zM496 400H48V80c0-8.84-7.16-16-16-16H16C7.16 64 0 71.16 0 80v336c0 17.67 14.33 32 32 32h464c8.84 0 16-7.16 16-16v-16c0-8.84-7.16-16-16-16zm-387.2-48h22.4c6.4 0 12.8-6.4 12.8-12.8v-70.4c0-6.4-6.4-12.8-12.8-12.8h-22.4c-6.4 0-12.8 6.4-12.8 12.8v70.4c0 6.4 6.4 12.8 12.8 12.8z\" class=\"\"><\/path><\/svg><\/i> <img decoding=\"async\" width=\"16\" height=\"16\" alt=\"Loading\" src=\"https:\/\/radefeldersv.de\/wp-content\/plugins\/page-views-count\/ajax-loader-2x.gif\" border=0 \/><\/p><div class=\"pvc_clear\"><\/div>","protected":false},"excerpt":{"rendered":"<p>Trainingsort: Gasthof &#8222;Zur Kugel&#8220; Leipziger Str. 37 04509 Wiedemar\/OT Zwochau Trainingszeit: Freitag ab 17:00 Uhr Mannschaftskapit\u00e4n: J\u00fcrgen Weber &#8211; Telefon: 0176 9628553 Sektionsleiter: Rene Hil\u00dfner &#8211;&nbsp;Telefon: 0178 6625077<\/p>\n<div class=\"pvc_clear\"><\/div>\n<p id=\"pvc_stats_18\" class=\"pvc_stats all  \" data-element-id=\"18\" style=\"\"><i class=\"pvc-stats-icon small\" aria-hidden=\"true\"><svg aria-hidden=\"true\" focusable=\"false\" data-prefix=\"far\" data-icon=\"chart-bar\" role=\"img\" xmlns=\"http:\/\/www.w3.org\/2000\/svg\" viewBox=\"0 0 512 512\" class=\"svg-inline--fa fa-chart-bar fa-w-16 fa-2x\"><path fill=\"currentColor\" d=\"M396.8 352h22.4c6.4 0 12.8-6.4 12.8-12.8V108.8c0-6.4-6.4-12.8-12.8-12.8h-22.4c-6.4 0-12.8 6.4-12.8 12.8v230.4c0 6.4 6.4 12.8 12.8 12.8zm-192 0h22.4c6.4 0 12.8-6.4 12.8-12.8V140.8c0-6.4-6.4-12.8-12.8-12.8h-22.4c-6.4 0-12.8 6.4-12.8 12.8v198.4c0 6.4 6.4 12.8 12.8 12.8zm96 0h22.4c6.4 0 12.8-6.4 12.8-12.8V204.8c0-6.4-6.4-12.8-12.8-12.8h-22.4c-6.4 0-12.8 6.4-12.8 12.8v134.4c0 6.4 6.4 12.8 12.8 12.8zM496 400H48V80c0-8.84-7.16-16-16-16H16C7.16 64 0 71.16 0 80v336c0 17.67 14.33 32 32 32h464c8.84 0 16-7.16 16-16v-16c0-8.84-7.16-16-16-16zm-387.2-48h22.4c6.4 0 12.8-6.4 12.8-12.8v-70.4c0-6.4-6.4-12.8-12.8-12.8h-22.4c-6.4 0-12.8 6.4-12.8 12.8v70.4c0 6.4 6.4 12.8 12.8 12.8z\" class=\"\"><\/path><\/svg><\/i> <img decoding=\"async\" width=\"16\" height=\"16\" alt=\"Loading\" src=\"https:\/\/radefeldersv.de\/wp-content\/plugins\/page-views-count\/ajax-loader-2x.gif\" border=0 \/><\/p>\n<div class=\"pvc_clear\"><\/div>\n","protected":false},"author":1,"featured_media":0,"parent":0,"menu_order":0,"comment_status":"closed","ping_status":"closed","template":"","meta":{"_crdt_document":"","footnotes":""},"class_list":["post-18","page","type-page","status-publish","hentry"],"a3_pvc":{"activated":true,"total_views":3634,"today_views":0},"_links":{"self":[{"href":"https:\/\/radefeldersv.de\/index.php?rest_route=\/wp\/v2\/pages\/18","targetHints":{"allow":["GET"]}}],"collection":[{"href":"https:\/\/radefeldersv.de\/index.php?rest_route=\/wp\/v2\/pages"}],"about":[{"href":"https:\/\/radefeldersv.de\/index.php?rest_route=\/wp\/v2\/types\/page"}],"author":[{"embeddable":true,"href":"https:\/\/radefeldersv.de\/index.php?rest_route=\/wp\/v2\/users\/1"}],"replies":[{"embeddable":true,"href":"https:\/\/radefeldersv.de\/index.php?rest_route=%2Fwp%2Fv2%2Fcomments&post=18"}],"version-history":[{"count":16,"href":"https:\/\/radefeldersv.de\/index.php?rest_route=\/wp\/v2\/pages\/18\/revisions"}],"predecessor-version":[{"id":4018,"href":"https:\/\/radefeldersv.de\/index.php?rest_route=\/wp\/v2\/pages\/18\/revisions\/4018"}],"wp:attachment":[{"href":"https:\/\/radefeldersv.de\/index.php?rest_route=%2Fwp%2Fv2%2Fmedia&parent=18"}],"curies":[{"name":"wp","href":"https:\/\/api.w.org\/{rel}","templated":true}]}}